{"id":812,"date":"2024-07-27T11:08:14","date_gmt":"2024-07-27T11:08:14","guid":{"rendered":"https:\/\/edryx.net\/cookies-policy\/"},"modified":"2026-03-09T10:40:41","modified_gmt":"2026-03-09T10:40:41","slug":"cookies-policy","status":"publish","type":"page","link":"https:\/\/edryx.net\/en\/cookies-policy\/","title":{"rendered":"Cookies Policy"},"content":{"rendered":"[vc_row type=&#8221;full_width_background&#8221; full_screen_row_position=&#8221;middle&#8221; column_margin=&#8221;default&#8221; column_direction=&#8221;default&#8221; column_direction_tablet=&#8221;default&#8221; column_direction_phone=&#8221;default&#8221; scene_position=&#8221;center&#8221; top_padding=&#8221;50&#8243; bottom_padding=&#8221;50&#8243; top_padding_tablet=&#8221;25&#8243; bottom_padding_tablet=&#8221;0&#8243; text_color=&#8221;dark&#8221; text_align=&#8221;left&#8221; row_border_radius=&#8221;none&#8221; row_border_radius_applies=&#8221;bg&#8221; overflow=&#8221;visible&#8221; overlay_strength=&#8221;0.3&#8243; gradient_direction=&#8221;left_to_right&#8221; shape_divider_position=&#8221;bottom&#8221; bg_image_animation=&#8221;none&#8221; gradient_type=&#8221;default&#8221; shape_type=&#8221;&#8221;][vc_column column_padding=&#8221;no-extra-padding&#8221; column_padding_tablet=&#8221;inherit&#8221; column_padding_phone=&#8221;inherit&#8221; column_padding_position=&#8221;all&#8221; column_element_direction_desktop=&#8221;default&#8221; column_element_spacing=&#8221;default&#8221; desktop_text_alignment=&#8221;default&#8221; tablet_text_alignment=&#8221;default&#8221; phone_text_alignment=&#8221;default&#8221; background_color_opacity=&#8221;1&#8243; background_hover_color_opacity=&#8221;1&#8243; column_backdrop_filter=&#8221;none&#8221; column_shadow=&#8221;none&#8221; column_border_radius=&#8221;none&#8221; column_link_target=&#8221;_self&#8221; column_position=&#8221;default&#8221; gradient_direction=&#8221;left_to_right&#8221; overlay_strength=&#8221;0.3&#8243; width=&#8221;1\/6&#8243; tablet_width_inherit=&#8221;default&#8221; animation_type=&#8221;default&#8221; bg_image_animation=&#8221;none&#8221; border_type=&#8221;simple&#8221; column_border_width=&#8221;none&#8221; column_border_style=&#8221;solid&#8221;][\/vc_column][vc_column column_padding=&#8221;no-extra-padding&#8221; column_padding_tablet=&#8221;inherit&#8221; column_padding_phone=&#8221;inherit&#8221; column_padding_position=&#8221;all&#8221; column_element_direction_desktop=&#8221;default&#8221; column_element_spacing=&#8221;default&#8221; centered_text=&#8221;true&#8221; desktop_text_alignment=&#8221;default&#8221; tablet_text_alignment=&#8221;default&#8221; phone_text_alignment=&#8221;default&#8221; background_color_opacity=&#8221;1&#8243; background_hover_color_opacity=&#8221;1&#8243; column_backdrop_filter=&#8221;none&#8221; column_shadow=&#8221;none&#8221; column_border_radius=&#8221;none&#8221; column_link_target=&#8221;_self&#8221; column_position=&#8221;default&#8221; gradient_direction=&#8221;left_to_right&#8221; overlay_strength=&#8221;0.3&#8243; width=&#8221;2\/3&#8243; tablet_width_inherit=&#8221;default&#8221; animation_type=&#8221;default&#8221; bg_image_animation=&#8221;none&#8221; border_type=&#8221;simple&#8221; column_border_width=&#8221;none&#8221; column_border_style=&#8221;solid&#8221; column_padding_type=&#8221;default&#8221; gradient_type=&#8221;default&#8221;][vc_column_text css=&#8221;&#8221; text_direction=&#8221;default&#8221;]\n<h3 style=\"color: #d34948;\">Contenido legal<\/h3>\n[\/vc_column_text][vc_row_inner column_margin=&#8221;default&#8221; column_direction=&#8221;default&#8221; column_direction_tablet=&#8221;default&#8221; column_direction_phone=&#8221;default&#8221; text_align=&#8221;left&#8221; row_position=&#8221;default&#8221; row_position_tablet=&#8221;inherit&#8221; row_position_phone=&#8221;inherit&#8221; overflow=&#8221;visible&#8221; pointer_events=&#8221;all&#8221;][vc_column_inner column_padding=&#8221;no-extra-padding&#8221; column_padding_tablet=&#8221;inherit&#8221; column_padding_phone=&#8221;inherit&#8221; column_padding_position=&#8221;all&#8221; column_element_direction_desktop=&#8221;default&#8221; column_element_spacing=&#8221;default&#8221; desktop_text_alignment=&#8221;default&#8221; tablet_text_alignment=&#8221;default&#8221; phone_text_alignment=&#8221;default&#8221; background_color_opacity=&#8221;1&#8243; background_hover_color_opacity=&#8221;1&#8243; column_backdrop_filter=&#8221;none&#8221; column_shadow=&#8221;none&#8221; column_border_radius=&#8221;none&#8221; column_link_target=&#8221;_self&#8221; overflow=&#8221;visible&#8221; gradient_direction=&#8221;left_to_right&#8221; overlay_strength=&#8221;0.3&#8243; width=&#8221;1\/1&#8243; tablet_width_inherit=&#8221;default&#8221; animation_type=&#8221;default&#8221; enable_animation=&#8221;true&#8221; animation=&#8221;fade-in-from-bottom&#8221; animation_easing=&#8221;default&#8221; bg_image_animation=&#8221;none&#8221; border_type=&#8221;simple&#8221; column_border_width=&#8221;none&#8221; column_border_style=&#8221;solid&#8221; column_padding_type=&#8221;default&#8221; gradient_type=&#8221;default&#8221;][vc_column_text css=&#8221;&#8221; text_direction=&#8221;default&#8221; max_width=&#8221;800&#8243;]\n<h1 style=\"font-size: 50px; line-height: 54px;\">Cookies Policy<\/h1>\n[\/vc_column_text][\/vc_column_inner][\/vc_row_inner][\/vc_column][vc_column column_padding=&#8221;no-extra-padding&#8221; column_padding_tablet=&#8221;inherit&#8221; column_padding_phone=&#8221;inherit&#8221; column_padding_position=&#8221;all&#8221; column_element_direction_desktop=&#8221;default&#8221; column_element_spacing=&#8221;default&#8221; desktop_text_alignment=&#8221;default&#8221; tablet_text_alignment=&#8221;default&#8221; phone_text_alignment=&#8221;default&#8221; background_color_opacity=&#8221;1&#8243; background_hover_color_opacity=&#8221;1&#8243; column_backdrop_filter=&#8221;none&#8221; column_shadow=&#8221;none&#8221; column_border_radius=&#8221;none&#8221; column_link_target=&#8221;_self&#8221; column_position=&#8221;default&#8221; gradient_direction=&#8221;left_to_right&#8221; overlay_strength=&#8221;0.3&#8243; width=&#8221;1\/6&#8243; tablet_width_inherit=&#8221;default&#8221; animation_type=&#8221;default&#8221; bg_image_animation=&#8221;none&#8221; border_type=&#8221;simple&#8221; column_border_width=&#8221;none&#8221; column_border_style=&#8221;solid&#8221;][\/vc_column][\/vc_row][vc_row type=&#8221;full_width_background&#8221; full_screen_row_position=&#8221;middle&#8221; column_margin=&#8221;default&#8221; column_direction=&#8221;default&#8221; column_direction_tablet=&#8221;default&#8221; column_direction_phone=&#8221;default&#8221; scene_position=&#8221;center&#8221; top_padding=&#8221;50&#8243; bottom_padding=&#8221;100&#8243; top_padding_tablet=&#8221;25&#8243; bottom_padding_tablet=&#8221;50&#8243; text_color=&#8221;dark&#8221; text_align=&#8221;left&#8221; row_border_radius=&#8221;none&#8221; row_border_radius_applies=&#8221;bg&#8221; overflow=&#8221;visible&#8221; overlay_strength=&#8221;0.3&#8243; gradient_direction=&#8221;left_to_right&#8221; shape_divider_position=&#8221;bottom&#8221; bg_image_animation=&#8221;none&#8221; gradient_type=&#8221;default&#8221; shape_type=&#8221;&#8221;][vc_column column_padding=&#8221;no-extra-padding&#8221; column_padding_tablet=&#8221;inherit&#8221; column_padding_phone=&#8221;inherit&#8221; column_padding_position=&#8221;all&#8221; column_element_direction_desktop=&#8221;default&#8221; column_element_spacing=&#8221;default&#8221; desktop_text_alignment=&#8221;default&#8221; tablet_text_alignment=&#8221;default&#8221; phone_text_alignment=&#8221;default&#8221; background_color_opacity=&#8221;1&#8243; background_hover_color_opacity=&#8221;1&#8243; column_backdrop_filter=&#8221;none&#8221; column_shadow=&#8221;none&#8221; column_border_radius=&#8221;none&#8221; column_link_target=&#8221;_self&#8221; column_position=&#8221;default&#8221; gradient_direction=&#8221;left_to_right&#8221; overlay_strength=&#8221;0.3&#8243; width=&#8221;1\/6&#8243; tablet_width_inherit=&#8221;default&#8221; animation_type=&#8221;default&#8221; bg_image_animation=&#8221;none&#8221; border_type=&#8221;simple&#8221; column_border_width=&#8221;none&#8221; column_border_style=&#8221;solid&#8221;][\/vc_column][vc_column column_padding=&#8221;no-extra-padding&#8221; column_padding_tablet=&#8221;inherit&#8221; column_padding_phone=&#8221;inherit&#8221; column_padding_position=&#8221;all&#8221; column_element_direction_desktop=&#8221;default&#8221; column_element_spacing=&#8221;default&#8221; desktop_text_alignment=&#8221;default&#8221; tablet_text_alignment=&#8221;default&#8221; phone_text_alignment=&#8221;default&#8221; background_color_opacity=&#8221;1&#8243; background_hover_color_opacity=&#8221;1&#8243; column_backdrop_filter=&#8221;none&#8221; column_shadow=&#8221;none&#8221; column_border_radius=&#8221;none&#8221; column_link_target=&#8221;_self&#8221; column_position=&#8221;default&#8221; gradient_direction=&#8221;left_to_right&#8221; overlay_strength=&#8221;0.3&#8243; width=&#8221;2\/3&#8243; tablet_width_inherit=&#8221;default&#8221; animation_type=&#8221;default&#8221; bg_image_animation=&#8221;none&#8221; border_type=&#8221;simple&#8221; column_border_width=&#8221;none&#8221; column_border_style=&#8221;solid&#8221;][vc_column_text css=&#8221;&#8221; text_direction=&#8221;default&#8221;]\n<ul>\n<li><strong>What are\u00a0<em>cookies<\/em>?<\/strong><\/li>\n<\/ul>\n<p>Cookies are small files that store and recover information about the browsing habits of a user. The information obtained is about, for example, the number of pages visited, the language used, the location from where the website is accessed, the number of new users, the frequency and number of repeat visits, visit time, and the browser or terminal used to visit the website or run the application.<\/p>\n<p>&nbsp;<\/p>\n<ul>\n<li><strong>What types of\u00a0<em>cookies<\/em>\u00a0are used on the website?<\/strong><\/li>\n<\/ul>\n<p>Depending on the entity, purpose or period for which the data obtained are processed using the cookies, this website may use:<\/p>\n<p>&nbsp;<\/p>\n<p><u>Depending on the entity that manages them<\/u>:<\/p>\n<ul>\n<li>Proprietary<em>\u00a0cookies:<\/em>\u00a0these cookies are sent to the user\u2019s terminal from a device or domain managed by the publisher itself and from which the service requested by the user is provided.<\/li>\n<li>Third-party<em>\u00a0cookies:\u00a0<\/em><em>\u200b<\/em>these cookies are sent to the user\u2019s terminal from a device or domain that is not managed by the publisher but rather by another entity, which processes the data obtained via the cookies.<\/li>\n<\/ul>\n<p>&nbsp;<\/p>\n<p><u>Depending on the time they remain active<\/u>:<\/p>\n<ul>\n<li>Session<em>\u00a0cookies:<\/em>\u00a0these collect and store data while the user is accessing the website.<\/li>\n<li>Persistent\u00a0<em>cookies:\u00a0<\/em>These are those in which data are stored in an ongoing fashion on the terminal and may be accessed and processed during a period defined by the cookie manager, which may range from a few minutes to several years.<\/li>\n<\/ul>\n<p>&nbsp;<\/p>\n<p><u>Depending on their purpose:<\/u><\/p>\n<ul>\n<li>Technical<em>\u00a0cookies:\u00a0<\/em><em>\u200b<\/em>these enable the website to be browsed and various services that exist on the website to be used, such as traffic and data sharing control, completing the purchase of an order or using security elements while browsing.<\/li>\n<li>Customisation<em>\u00a0cookies:\u00a0<\/em><em>\u200b<\/em>these allow the user to access the service according to pre-defined<\/li>\n<li>Analysis\u00a0<em>cookies:\u00a0<\/em><em>\u200b<\/em>these enable user behaviour to be tracked and analysed (e.g. for measuring activity by the application, producing user profiles, etc. in order to improve the service based on data about how users use the website).<\/li>\n<li>Advertising<em>\u00a0cookies:\u00a0<\/em><em>\u200b<\/em>these enable effective management of the advertising spaces included on the website based on criteria such as the content published or the frequency with which the advertisements are shown.<\/li>\n<li>Behavioural advertising\u00a0<em>cookies:\u00a0<\/em><em>\u200b<\/em>these enable the most effective management possible of the advertising spaces included on the website. These cookies store information about the behaviour of users obtained through the ongoing observation of their browsing habits, which enables a specific profile to be produced and advertisements to be displayed based on that profile.<\/li>\n<\/ul>\n<p>&nbsp;<\/p>\n<p>Below is a list of all the specific\u00a0<em>cookies\u00a0<\/em>used on this website:<\/p>\n<table>\n<tbody>\n<tr>\n<td width=\"267\">Cookie name<\/td>\n<td width=\"90\">Management \/Origin<\/td>\n<td width=\"85\">Type according to its purpose<\/td>\n<td width=\"132\">Purpose<\/td>\n<td width=\"68\">Expiration<\/td>\n<\/tr>\n<tr>\n<td width=\"267\">_ga, _gid<\/td>\n<td width=\"90\"><strong>Google<\/strong><\/td>\n<td width=\"85\"><strong>Analytical Cookies<\/strong><\/td>\n<td width=\"132\"><strong>Web Analytics<\/strong><\/td>\n<td width=\"68\"><strong>\u00a024hours<\/strong><\/td>\n<\/tr>\n<tr>\n<td width=\"267\">_gat<\/td>\n<td width=\"90\"><strong>Google<\/strong><\/td>\n<td width=\"85\"><strong>Analytical Cookies<\/strong><\/td>\n<td width=\"132\"><strong>Web Analytics<\/strong><\/td>\n<td width=\"68\"><strong>48hours<\/strong><\/td>\n<\/tr>\n<tr>\n<td width=\"267\">SAPISID<\/td>\n<td width=\"90\"><strong>Google<\/strong><\/td>\n<td width=\"85\"><strong>Analytical Cookies<\/strong><\/td>\n<td width=\"132\"><strong>Relate activity between devices<\/strong><\/td>\n<td width=\"68\"><strong>48hours<\/strong><\/td>\n<\/tr>\n<tr>\n<td width=\"267\">PHPSESSID<\/td>\n<td width=\"90\"><strong>Servidor de web<\/strong><\/td>\n<td width=\"85\"><strong>Technical cookies<\/strong><\/td>\n<td width=\"132\"><strong>Web operation<\/strong><\/td>\n<td width=\"68\"><strong>48hours<\/strong><\/td>\n<\/tr>\n<tr>\n<td width=\"267\">_icl_visitor_lang_js, _icl_current_lanuage, _icl_current_admin_language_<\/td>\n<td width=\"90\"><strong>Gestor de idiomas WPML<\/strong><\/td>\n<td width=\"85\"><strong>Personalization cookies<\/strong><\/td>\n<td width=\"132\"><strong>Display preference<\/strong><\/td>\n<td width=\"68\"><strong>48hours<\/strong><\/td>\n<\/tr>\n<tr>\n<td width=\"267\">CookieLawInfoConsent<\/td>\n<td width=\"90\"><strong>Establecida por el Plugin GDPR Cookie Consent.<\/strong><\/td>\n<td width=\"85\"><strong>Technical cookies<\/strong><\/td>\n<td width=\"132\">It is used to remember the user\u2019s consent to the different types of cookies<\/td>\n<td width=\"68\"><strong>48hours<\/strong><\/td>\n<\/tr>\n<\/tbody>\n<\/table>\n<ul>\n<li><strong>How to configure cookies?<\/strong><\/li>\n<\/ul>\n<p>Users may allow, block or delete the cookies installed on their device from the cookies configuration panel.<\/p>\n<p>However, deactivating cookies could impact website operation. Please check the specific instructions on your device for further information in this regard.<\/p>\n<p>If the use of\u00a0<em>cookies<\/em>\u00a0is blocked on your device, certain website services or functionalities may not be available.<\/p>\n<p>&nbsp;<\/p>\n<p>If you accept the cookies from our website and later wish to delete the cookies we have configured on your device, please check the help menu of your browser for instructions on how to do this.<\/p>\n<p>&nbsp;<\/p>\n<ul>\n<li><strong>Updates to the\u00a0<em>Cookies<\/em><\/strong>\u00a0<strong>Policy<\/strong><\/li>\n<\/ul>\n<p>In the event that the characteristics or purposes of the cookies used on the website are changed, you will be informed of said changes so you may provide your consent again.[\/vc_column_text][\/vc_column][vc_column column_padding=&#8221;no-extra-padding&#8221; column_padding_tablet=&#8221;inherit&#8221; column_padding_phone=&#8221;inherit&#8221; column_padding_position=&#8221;all&#8221; column_element_direction_desktop=&#8221;default&#8221; column_element_spacing=&#8221;default&#8221; desktop_text_alignment=&#8221;default&#8221; tablet_text_alignment=&#8221;default&#8221; phone_text_alignment=&#8221;default&#8221; background_color_opacity=&#8221;1&#8243; background_hover_color_opacity=&#8221;1&#8243; column_backdrop_filter=&#8221;none&#8221; column_shadow=&#8221;none&#8221; column_border_radius=&#8221;none&#8221; column_link_target=&#8221;_self&#8221; column_position=&#8221;default&#8221; gradient_direction=&#8221;left_to_right&#8221; overlay_strength=&#8221;0.3&#8243; width=&#8221;1\/6&#8243; tablet_width_inherit=&#8221;default&#8221; animation_type=&#8221;default&#8221; bg_image_animation=&#8221;none&#8221; border_type=&#8221;simple&#8221; column_border_width=&#8221;none&#8221; column_border_style=&#8221;solid&#8221;][\/vc_column][\/vc_row]\n","protected":false},"excerpt":{"rendered":"<p>[vc_row type=&#8221;full_width_background&#8221; full_screen_row_position=&#8221;middle&#8221; column_margin=&#8221;default&#8221; column_direction=&#8221;default&#8221; column_direction_tablet=&#8221;default&#8221; column_direction_phone=&#8221;default&#8221; scene_position=&#8221;center&#8221; top_padding=&#8221;50&#8243; bottom_padding=&#8221;50&#8243; top_padding_tablet=&#8221;25&#8243; bottom_padding_tablet=&#8221;0&#8243; text_color=&#8221;dark&#8221; text_align=&#8221;left&#8221; row_border_radius=&#8221;none&#8221; row_border_radius_applies=&#8221;bg&#8221; overflow=&#8221;visible&#8221; overlay_strength=&#8221;0.3&#8243; gradient_direction=&#8221;left_to_right&#8221; shape_divider_position=&#8221;bottom&#8221; bg_image_animation=&#8221;none&#8221; gradient_type=&#8221;default&#8221; shape_type=&#8221;&#8221;][vc_column column_padding=&#8221;no-extra-padding&#8221; column_padding_tablet=&#8221;inherit&#8221; column_padding_phone=&#8221;inherit&#8221; column_padding_position=&#8221;all&#8221; column_element_direction_desktop=&#8221;default&#8221; column_element_spacing=&#8221;default&#8221; desktop_text_alignment=&#8221;default&#8221;&#8230;<\/p>\n","protected":false},"author":1,"featured_media":0,"parent":0,"menu_order":0,"comment_status":"closed","ping_status":"closed","template":"","meta":{"footnotes":""},"class_list":["post-812","page","type-page","status-publish"],"yoast_head":"<!-- This site is optimized with the Yoast SEO plugin v27.2 - https:\/\/yoast.com\/product\/yoast-seo-wordpress\/ -->\n<title>Cookies Policy - Edryx Healthcare<\/title>\n<meta name=\"robots\" content=\"index, follow, max-snippet:-1, max-image-preview:large, max-video-preview:-1\" \/>\n<link rel=\"canonical\" href=\"https:\/\/edryx.net\/en\/cookies-policy\/\" \/>\n<meta property=\"og:locale\" content=\"en_US\" \/>\n<meta property=\"og:type\" content=\"article\" \/>\n<meta property=\"og:title\" content=\"Cookies Policy - Edryx Healthcare\" \/>\n<meta property=\"og:description\" content=\"[vc_row type=&#8221;full_width_background&#8221; full_screen_row_position=&#8221;middle&#8221; column_margin=&#8221;default&#8221; column_direction=&#8221;default&#8221; column_direction_tablet=&#8221;default&#8221; column_direction_phone=&#8221;default&#8221; scene_position=&#8221;center&#8221; top_padding=&#8221;50&#8243; bottom_padding=&#8221;50&#8243; top_padding_tablet=&#8221;25&#8243; bottom_padding_tablet=&#8221;0&#8243; text_color=&#8221;dark&#8221; text_align=&#8221;left&#8221; row_border_radius=&#8221;none&#8221; row_border_radius_applies=&#8221;bg&#8221; overflow=&#8221;visible&#8221; overlay_strength=&#8221;0.3&#8243; gradient_direction=&#8221;left_to_right&#8221; shape_divider_position=&#8221;bottom&#8221; bg_image_animation=&#8221;none&#8221; gradient_type=&#8221;default&#8221; shape_type=&#8221;&#8221;][vc_column column_padding=&#8221;no-extra-padding&#8221; column_padding_tablet=&#8221;inherit&#8221; column_padding_phone=&#8221;inherit&#8221; column_padding_position=&#8221;all&#8221; column_element_direction_desktop=&#8221;default&#8221; column_element_spacing=&#8221;default&#8221; desktop_text_alignment=&#8221;default&#8221;...\" \/>\n<meta property=\"og:url\" content=\"https:\/\/edryx.net\/en\/cookies-policy\/\" \/>\n<meta property=\"og:site_name\" content=\"Edryx Healthcare\" \/>\n<meta property=\"article:modified_time\" content=\"2026-03-09T10:40:41+00:00\" \/>\n<meta name=\"twitter:card\" content=\"summary_large_image\" \/>\n<meta name=\"twitter:label1\" content=\"Est. reading time\" \/>\n\t<meta name=\"twitter:data1\" content=\"5 minutes\" \/>\n<script type=\"application\/ld+json\" class=\"yoast-schema-graph\">{\"@context\":\"https:\/\/schema.org\",\"@graph\":[{\"@type\":\"WebPage\",\"@id\":\"https:\/\/edryx.net\/en\/cookies-policy\/\",\"url\":\"https:\/\/edryx.net\/en\/cookies-policy\/\",\"name\":\"Cookies Policy - Edryx Healthcare\",\"isPartOf\":{\"@id\":\"https:\/\/edryx.net\/en\/#website\"},\"datePublished\":\"2024-07-27T11:08:14+00:00\",\"dateModified\":\"2026-03-09T10:40:41+00:00\",\"breadcrumb\":{\"@id\":\"https:\/\/edryx.net\/en\/cookies-policy\/#breadcrumb\"},\"inLanguage\":\"en-US\",\"potentialAction\":[{\"@type\":\"ReadAction\",\"target\":[\"https:\/\/edryx.net\/en\/cookies-policy\/\"]}]},{\"@type\":\"BreadcrumbList\",\"@id\":\"https:\/\/edryx.net\/en\/cookies-policy\/#breadcrumb\",\"itemListElement\":[{\"@type\":\"ListItem\",\"position\":1,\"name\":\"Inici\",\"item\":\"https:\/\/edryx.net\/en\/homepage\/\"},{\"@type\":\"ListItem\",\"position\":2,\"name\":\"Cookies Policy\"}]},{\"@type\":\"WebSite\",\"@id\":\"https:\/\/edryx.net\/en\/#website\",\"url\":\"https:\/\/edryx.net\/en\/\",\"name\":\"Edryx Healthcare\",\"description\":\"Innovaci\u00f3n Tecnol\u00f3gica y Humanizaci\u00f3n en el sector sanitario\",\"publisher\":{\"@id\":\"https:\/\/edryx.net\/en\/#organization\"},\"potentialAction\":[{\"@type\":\"SearchAction\",\"target\":{\"@type\":\"EntryPoint\",\"urlTemplate\":\"https:\/\/edryx.net\/en\/?s={search_term_string}\"},\"query-input\":{\"@type\":\"PropertyValueSpecification\",\"valueRequired\":true,\"valueName\":\"search_term_string\"}}],\"inLanguage\":\"en-US\"},{\"@type\":\"Organization\",\"@id\":\"https:\/\/edryx.net\/en\/#organization\",\"name\":\"Edryx Healthcare\",\"url\":\"https:\/\/edryx.net\/en\/\",\"logo\":{\"@type\":\"ImageObject\",\"inLanguage\":\"en-US\",\"@id\":\"https:\/\/edryx.net\/en\/#\/schema\/logo\/image\/\",\"url\":\"https:\/\/edryx.net\/wp-content\/uploads\/2024\/07\/logo-edryx-color@2x.png\",\"contentUrl\":\"https:\/\/edryx.net\/wp-content\/uploads\/2024\/07\/logo-edryx-color@2x.png\",\"width\":360,\"height\":108,\"caption\":\"Edryx Healthcare\"},\"image\":{\"@id\":\"https:\/\/edryx.net\/en\/#\/schema\/logo\/image\/\"}}]}<\/script>\n<!-- \/ Yoast SEO plugin. -->","yoast_head_json":{"title":"Cookies Policy - Edryx Healthcare","robots":{"index":"index","follow":"follow","max-snippet":"max-snippet:-1","max-image-preview":"max-image-preview:large","max-video-preview":"max-video-preview:-1"},"canonical":"https:\/\/edryx.net\/en\/cookies-policy\/","og_locale":"en_US","og_type":"article","og_title":"Cookies Policy - Edryx Healthcare","og_description":"[vc_row type=&#8221;full_width_background&#8221; full_screen_row_position=&#8221;middle&#8221; column_margin=&#8221;default&#8221; column_direction=&#8221;default&#8221; column_direction_tablet=&#8221;default&#8221; column_direction_phone=&#8221;default&#8221; scene_position=&#8221;center&#8221; top_padding=&#8221;50&#8243; bottom_padding=&#8221;50&#8243; top_padding_tablet=&#8221;25&#8243; bottom_padding_tablet=&#8221;0&#8243; text_color=&#8221;dark&#8221; text_align=&#8221;left&#8221; row_border_radius=&#8221;none&#8221; row_border_radius_applies=&#8221;bg&#8221; overflow=&#8221;visible&#8221; overlay_strength=&#8221;0.3&#8243; gradient_direction=&#8221;left_to_right&#8221; shape_divider_position=&#8221;bottom&#8221; bg_image_animation=&#8221;none&#8221; gradient_type=&#8221;default&#8221; shape_type=&#8221;&#8221;][vc_column column_padding=&#8221;no-extra-padding&#8221; column_padding_tablet=&#8221;inherit&#8221; column_padding_phone=&#8221;inherit&#8221; column_padding_position=&#8221;all&#8221; column_element_direction_desktop=&#8221;default&#8221; column_element_spacing=&#8221;default&#8221; desktop_text_alignment=&#8221;default&#8221;...","og_url":"https:\/\/edryx.net\/en\/cookies-policy\/","og_site_name":"Edryx Healthcare","article_modified_time":"2026-03-09T10:40:41+00:00","twitter_card":"summary_large_image","twitter_misc":{"Est. reading time":"5 minutes"},"schema":{"@context":"https:\/\/schema.org","@graph":[{"@type":"WebPage","@id":"https:\/\/edryx.net\/en\/cookies-policy\/","url":"https:\/\/edryx.net\/en\/cookies-policy\/","name":"Cookies Policy - Edryx Healthcare","isPartOf":{"@id":"https:\/\/edryx.net\/en\/#website"},"datePublished":"2024-07-27T11:08:14+00:00","dateModified":"2026-03-09T10:40:41+00:00","breadcrumb":{"@id":"https:\/\/edryx.net\/en\/cookies-policy\/#breadcrumb"},"inLanguage":"en-US","potentialAction":[{"@type":"ReadAction","target":["https:\/\/edryx.net\/en\/cookies-policy\/"]}]},{"@type":"BreadcrumbList","@id":"https:\/\/edryx.net\/en\/cookies-policy\/#breadcrumb","itemListElement":[{"@type":"ListItem","position":1,"name":"Inici","item":"https:\/\/edryx.net\/en\/homepage\/"},{"@type":"ListItem","position":2,"name":"Cookies Policy"}]},{"@type":"WebSite","@id":"https:\/\/edryx.net\/en\/#website","url":"https:\/\/edryx.net\/en\/","name":"Edryx Healthcare","description":"Innovaci\u00f3n Tecnol\u00f3gica y Humanizaci\u00f3n en el sector sanitario","publisher":{"@id":"https:\/\/edryx.net\/en\/#organization"},"potentialAction":[{"@type":"SearchAction","target":{"@type":"EntryPoint","urlTemplate":"https:\/\/edryx.net\/en\/?s={search_term_string}"},"query-input":{"@type":"PropertyValueSpecification","valueRequired":true,"valueName":"search_term_string"}}],"inLanguage":"en-US"},{"@type":"Organization","@id":"https:\/\/edryx.net\/en\/#organization","name":"Edryx Healthcare","url":"https:\/\/edryx.net\/en\/","logo":{"@type":"ImageObject","inLanguage":"en-US","@id":"https:\/\/edryx.net\/en\/#\/schema\/logo\/image\/","url":"https:\/\/edryx.net\/wp-content\/uploads\/2024\/07\/logo-edryx-color@2x.png","contentUrl":"https:\/\/edryx.net\/wp-content\/uploads\/2024\/07\/logo-edryx-color@2x.png","width":360,"height":108,"caption":"Edryx Healthcare"},"image":{"@id":"https:\/\/edryx.net\/en\/#\/schema\/logo\/image\/"}}]}},"_links":{"self":[{"href":"https:\/\/edryx.net\/en\/wp-json\/wp\/v2\/pages\/812","targetHints":{"allow":["GET"]}}],"collection":[{"href":"https:\/\/edryx.net\/en\/wp-json\/wp\/v2\/pages"}],"about":[{"href":"https:\/\/edryx.net\/en\/wp-json\/wp\/v2\/types\/page"}],"author":[{"embeddable":true,"href":"https:\/\/edryx.net\/en\/wp-json\/wp\/v2\/users\/1"}],"replies":[{"embeddable":true,"href":"https:\/\/edryx.net\/en\/wp-json\/wp\/v2\/comments?post=812"}],"version-history":[{"count":3,"href":"https:\/\/edryx.net\/en\/wp-json\/wp\/v2\/pages\/812\/revisions"}],"predecessor-version":[{"id":819,"href":"https:\/\/edryx.net\/en\/wp-json\/wp\/v2\/pages\/812\/revisions\/819"}],"wp:attachment":[{"href":"https:\/\/edryx.net\/en\/wp-json\/wp\/v2\/media?parent=812"}],"curies":[{"name":"wp","href":"https:\/\/api.w.org\/{rel}","templated":true}]}}